{"id":101,"date":"2025-06-20T15:20:45","date_gmt":"2025-06-20T13:20:45","guid":{"rendered":"https:\/\/petitsanglaisabeziers.fr\/?page_id=101"},"modified":"2025-09-25T13:05:20","modified_gmt":"2025-09-25T11:05:20","slug":"accueil","status":"publish","type":"page","link":"https:\/\/petitsanglaisabeziers.fr\/","title":{"rendered":"Accueil"},"content":{"rendered":"\t\t<div data-elementor-type=\"wp-page\" data-elementor-id=\"101\" class=\"elementor elementor-101\">\n\t\t\t\t<div class=\"elementor-element elementor-element-98d389f e-flex e-con-boxed e-con e-parent\" data-id=\"98d389f\" data-element_type=\"container\" data-e-type=\"container\">\n\t\t\t\t\t<div class=\"e-con-inner\">\n\t\t\t\t<div class=\"elementor-element elementor-element-37880a3 elementor-widget elementor-widget-image\" data-id=\"37880a3\" data-element_type=\"widget\" data-e-type=\"widget\" data-widget_type=\"image.default\">\n\t\t\t\t<div class=\"elementor-widget-container\">\n\t\t\t\t\t\t\t\t\t\t\t\t\t\t\t<img fetchpriority=\"high\" decoding=\"async\" width=\"640\" height=\"274\" src=\"https:\/\/petitsanglaisabeziers.fr\/wp-content\/uploads\/2025\/06\/logo-1-1024x439.png\" class=\"attachment-large size-large wp-image-138\" alt=\"\" srcset=\"https:\/\/petitsanglaisabeziers.fr\/wp-content\/uploads\/2025\/06\/logo-1-1024x439.png 1024w, https:\/\/petitsanglaisabeziers.fr\/wp-content\/uploads\/2025\/06\/logo-1-300x129.png 300w, https:\/\/petitsanglaisabeziers.fr\/wp-content\/uploads\/2025\/06\/logo-1-768x329.png 768w, https:\/\/petitsanglaisabeziers.fr\/wp-content\/uploads\/2025\/06\/logo-1.png 1400w\" sizes=\"(max-width: 640px) 100vw, 640px\" \/>\t\t\t\t\t\t\t\t\t\t\t\t\t\t\t<\/div>\n\t\t\t\t<\/div>\n\t\t\t\t\t<\/div>\n\t\t\t\t<\/div>\n\t\t<div class=\"elementor-element elementor-element-0d9c017 e-flex e-con-boxed e-con e-parent\" data-id=\"0d9c017\" data-element_type=\"container\" data-e-type=\"container\">\n\t\t\t\t\t<div class=\"e-con-inner\">\n\t\t\t\t<div class=\"elementor-element elementor-element-4b61a2c elementor-widget elementor-widget-heading\" data-id=\"4b61a2c\" data-element_type=\"widget\" data-e-type=\"widget\" data-widget_type=\"heading.default\">\n\t\t\t\t<div class=\"elementor-widget-container\">\n\t\t\t\t\t<h2 class=\"elementor-heading-title elementor-size-default\">Une immersion compl\u00e8te dans la langue anglaise par des chansons, des jeux, des conversations et des lectures<\/h2>\t\t\t\t<\/div>\n\t\t\t\t<\/div>\n\t\t\t\t\t<\/div>\n\t\t\t\t<\/div>\n\t\t<div class=\"elementor-element elementor-element-431ac9d e-flex e-con-boxed e-con e-parent\" data-id=\"431ac9d\" data-element_type=\"container\" data-e-type=\"container\">\n\t\t\t\t\t<div class=\"e-con-inner\">\n\t\t<div class=\"elementor-element elementor-element-d7ebb25 e-con-full e-flex e-con e-child\" data-id=\"d7ebb25\" data-element_type=\"container\" data-e-type=\"container\">\n\t\t<div class=\"elementor-element elementor-element-a8b4609 e-con-full e-flex e-con e-child\" data-id=\"a8b4609\" data-element_type=\"container\" data-e-type=\"container\">\n\t\t<div class=\"elementor-element elementor-element-6d927bf e-con-full e-flex e-con e-child\" data-id=\"6d927bf\" data-element_type=\"container\" data-e-type=\"container\">\n\t\t<div class=\"elementor-element elementor-element-9b6e98d e-con-full e-flex e-con e-child\" data-id=\"9b6e98d\" data-element_type=\"container\" data-e-type=\"container\">\n\t\t\t\t<div class=\"elementor-element elementor-element-57e87f8 elementor-widget elementor-widget-text-editor\" data-id=\"57e87f8\" data-element_type=\"widget\" data-e-type=\"widget\" data-widget_type=\"text-editor.default\">\n\t\t\t\t<div class=\"elementor-widget-container\">\n\t\t\t\t\t\t\t\t\t<ul><li>Groupes : des enfants aux coll\u00e9giens &#8211;<\/li><li>Cours particuliers : enfants \u00e0 adultes &#8211;<\/li><li>Le compte personnel de formation (CPF) via le centre HOBSON &#8211;<\/li><\/ul>\t\t\t\t\t\t\t\t<\/div>\n\t\t\t\t<\/div>\n\t\t\t\t<\/div>\n\t\t<div class=\"elementor-element elementor-element-a703069 e-con-full e-flex e-con e-child\" data-id=\"a703069\" data-element_type=\"container\" data-e-type=\"container\">\n\t\t\t\t<div class=\"elementor-element elementor-element-c7a83f9 elementor-widget elementor-widget-image\" data-id=\"c7a83f9\" data-element_type=\"widget\" data-e-type=\"widget\" data-widget_type=\"image.default\">\n\t\t\t\t<div class=\"elementor-widget-container\">\n\t\t\t\t\t\t\t\t\t\t\t\t\t\t\t<img decoding=\"async\" width=\"640\" height=\"427\" src=\"https:\/\/petitsanglaisabeziers.fr\/wp-content\/uploads\/2025\/06\/tim-mossholder-WE_Kv_ZB1l0-unsplash-1.jpg\" class=\"attachment-large size-large wp-image-110\" alt=\"\" srcset=\"https:\/\/petitsanglaisabeziers.fr\/wp-content\/uploads\/2025\/06\/tim-mossholder-WE_Kv_ZB1l0-unsplash-1.jpg 1000w, https:\/\/petitsanglaisabeziers.fr\/wp-content\/uploads\/2025\/06\/tim-mossholder-WE_Kv_ZB1l0-unsplash-1-300x200.jpg 300w, https:\/\/petitsanglaisabeziers.fr\/wp-content\/uploads\/2025\/06\/tim-mossholder-WE_Kv_ZB1l0-unsplash-1-768x512.jpg 768w, https:\/\/petitsanglaisabeziers.fr\/wp-content\/uploads\/2025\/06\/tim-mossholder-WE_Kv_ZB1l0-unsplash-1-930x620.jpg 930w\" sizes=\"(max-width: 640px) 100vw, 640px\" \/>\t\t\t\t\t\t\t\t\t\t\t\t\t\t\t<\/div>\n\t\t\t\t<\/div>\n\t\t\t\t<\/div>\n\t\t\t\t<\/div>\n\t\t\t\t<\/div>\n\t\t\t\t<\/div>\n\t\t\t\t\t<\/div>\n\t\t\t\t<\/div>\n\t\t<div class=\"elementor-element elementor-element-c28de50 e-flex e-con-boxed e-con e-parent\" data-id=\"c28de50\" data-element_type=\"container\" data-e-type=\"container\">\n\t\t\t\t\t<div class=\"e-con-inner\">\n\t\t<div class=\"elementor-element elementor-element-a9ab290 e-con-full e-flex e-con e-child\" data-id=\"a9ab290\" data-element_type=\"container\" data-e-type=\"container\">\n\t\t\t\t<div class=\"elementor-element elementor-element-bc71269 elementor-widget elementor-widget-heading\" data-id=\"bc71269\" data-element_type=\"widget\" data-e-type=\"widget\" data-widget_type=\"heading.default\">\n\t\t\t\t<div class=\"elementor-widget-container\">\n\t\t\t\t\t<h2 class=\"elementor-heading-title elementor-size-default\">Groupes<\/h2>\t\t\t\t<\/div>\n\t\t\t\t<\/div>\n\t\t\t\t<\/div>\n\t\t<div class=\"elementor-element elementor-element-e085bd1 e-con-full e-flex e-con e-child\" data-id=\"e085bd1\" data-element_type=\"container\" data-e-type=\"container\">\n\t\t<div class=\"elementor-element elementor-element-5aa5da2 e-con-full e-flex e-con e-child\" data-id=\"5aa5da2\" data-element_type=\"container\" data-e-type=\"container\">\n\t\t\t\t<div class=\"elementor-element elementor-element-d45db28 elementor-widget elementor-widget-text-editor\" data-id=\"d45db28\" data-element_type=\"widget\" data-e-type=\"widget\" data-widget_type=\"text-editor.default\">\n\t\t\t\t<div class=\"elementor-widget-container\">\n\t\t\t\t\t\t\t\t\t<p>Il y a la possibilit\u00e9 de cr\u00e9er de nouveaux groupes<\/p>\t\t\t\t\t\t\t\t<\/div>\n\t\t\t\t<\/div>\n\t\t\t\t<\/div>\n\t\t<div class=\"elementor-element elementor-element-d56a445 e-con-full e-flex e-con e-child\" data-id=\"d56a445\" data-element_type=\"container\" data-e-type=\"container\">\n\t\t<div class=\"elementor-element elementor-element-92d5084 e-con-full e-flex e-con e-child\" data-id=\"92d5084\" data-element_type=\"container\" data-e-type=\"container\">\n\t\t<div class=\"elementor-element elementor-element-6236bf6 e-con-full e-flex e-con e-child\" data-id=\"6236bf6\" data-element_type=\"container\" data-e-type=\"container\">\n\t\t\t\t<div class=\"elementor-element elementor-element-3b336ac elementor-widget elementor-widget-image\" data-id=\"3b336ac\" data-element_type=\"widget\" data-e-type=\"widget\" data-widget_type=\"image.default\">\n\t\t\t\t<div class=\"elementor-widget-container\">\n\t\t\t\t\t\t\t\t\t\t\t\t\t\t\t<img decoding=\"async\" width=\"640\" height=\"480\" src=\"https:\/\/petitsanglaisabeziers.fr\/wp-content\/uploads\/2025\/06\/20250407_173941-1024x768.jpg\" class=\"attachment-large size-large wp-image-178\" alt=\"\" srcset=\"https:\/\/petitsanglaisabeziers.fr\/wp-content\/uploads\/2025\/06\/20250407_173941-1024x768.jpg 1024w, https:\/\/petitsanglaisabeziers.fr\/wp-content\/uploads\/2025\/06\/20250407_173941-300x225.jpg 300w, https:\/\/petitsanglaisabeziers.fr\/wp-content\/uploads\/2025\/06\/20250407_173941-768x576.jpg 768w, https:\/\/petitsanglaisabeziers.fr\/wp-content\/uploads\/2025\/06\/20250407_173941-1536x1152.jpg 1536w, https:\/\/petitsanglaisabeziers.fr\/wp-content\/uploads\/2025\/06\/20250407_173941-2048x1536.jpg 2048w\" sizes=\"(max-width: 640px) 100vw, 640px\" \/>\t\t\t\t\t\t\t\t\t\t\t\t\t\t\t<\/div>\n\t\t\t\t<\/div>\n\t\t\t\t<\/div>\n\t\t<div class=\"elementor-element elementor-element-020473e e-con-full e-flex e-con e-child\" data-id=\"020473e\" data-element_type=\"container\" data-e-type=\"container\">\n\t\t\t\t<div class=\"elementor-element elementor-element-ba96087 elementor-widget elementor-widget-image\" data-id=\"ba96087\" data-element_type=\"widget\" data-e-type=\"widget\" data-widget_type=\"image.default\">\n\t\t\t\t<div class=\"elementor-widget-container\">\n\t\t\t\t\t\t\t\t\t\t\t\t\t\t\t<img loading=\"lazy\" decoding=\"async\" width=\"640\" height=\"458\" src=\"https:\/\/petitsanglaisabeziers.fr\/wp-content\/uploads\/2025\/09\/groups1.jpg\" class=\"attachment-large size-large wp-image-209\" alt=\"\" srcset=\"https:\/\/petitsanglaisabeziers.fr\/wp-content\/uploads\/2025\/09\/groups1.jpg 746w, https:\/\/petitsanglaisabeziers.fr\/wp-content\/uploads\/2025\/09\/groups1-300x215.jpg 300w\" sizes=\"(max-width: 640px) 100vw, 640px\" \/>\t\t\t\t\t\t\t\t\t\t\t\t\t\t\t<\/div>\n\t\t\t\t<\/div>\n\t\t\t\t<\/div>\n\t\t\t\t<\/div>\n\t\t\t\t<\/div>\n\t\t\t\t<\/div>\n\t\t\t\t\t<\/div>\n\t\t\t\t<\/div>\n\t\t<div class=\"elementor-element elementor-element-37f2d01 e-flex e-con-boxed e-con e-parent\" data-id=\"37f2d01\" data-element_type=\"container\" data-e-type=\"container\">\n\t\t\t\t\t<div class=\"e-con-inner\">\n\t\t<div class=\"elementor-element elementor-element-5ed8180 e-con-full e-flex e-con e-child\" data-id=\"5ed8180\" data-element_type=\"container\" data-e-type=\"container\">\n\t\t\t\t<div class=\"elementor-element elementor-element-461bbd5 elementor-widget elementor-widget-heading\" data-id=\"461bbd5\" data-element_type=\"widget\" data-e-type=\"widget\" data-widget_type=\"heading.default\">\n\t\t\t\t<div class=\"elementor-widget-container\">\n\t\t\t\t\t<h2 class=\"elementor-heading-title elementor-size-default\">Tarifs<\/h2>\t\t\t\t<\/div>\n\t\t\t\t<\/div>\n\t\t\t\t<\/div>\n\t\t<div class=\"elementor-element elementor-element-54b60e7 e-con-full e-flex e-con e-child\" data-id=\"54b60e7\" data-element_type=\"container\" data-e-type=\"container\">\n\t\t<div class=\"elementor-element elementor-element-43b7609 e-con-full e-flex e-con e-child\" data-id=\"43b7609\" data-element_type=\"container\" data-e-type=\"container\">\n\t\t\t\t<div class=\"elementor-element elementor-element-b1d8c51 elementor-widget elementor-widget-image\" data-id=\"b1d8c51\" data-element_type=\"widget\" data-e-type=\"widget\" data-widget_type=\"image.default\">\n\t\t\t\t<div class=\"elementor-widget-container\">\n\t\t\t\t\t\t\t\t\t\t\t\t\t\t\t<img loading=\"lazy\" decoding=\"async\" width=\"640\" height=\"960\" src=\"https:\/\/petitsanglaisabeziers.fr\/wp-content\/uploads\/2025\/06\/ivan-shilov-ucUB9wxkPgY-unsplash-768x1152.jpg\" class=\"attachment-medium_large size-medium_large wp-image-46\" alt=\"\" srcset=\"https:\/\/petitsanglaisabeziers.fr\/wp-content\/uploads\/2025\/06\/ivan-shilov-ucUB9wxkPgY-unsplash-768x1152.jpg 768w, https:\/\/petitsanglaisabeziers.fr\/wp-content\/uploads\/2025\/06\/ivan-shilov-ucUB9wxkPgY-unsplash-200x300.jpg 200w, https:\/\/petitsanglaisabeziers.fr\/wp-content\/uploads\/2025\/06\/ivan-shilov-ucUB9wxkPgY-unsplash-683x1024.jpg 683w, https:\/\/petitsanglaisabeziers.fr\/wp-content\/uploads\/2025\/06\/ivan-shilov-ucUB9wxkPgY-unsplash-1024x1536.jpg 1024w, https:\/\/petitsanglaisabeziers.fr\/wp-content\/uploads\/2025\/06\/ivan-shilov-ucUB9wxkPgY-unsplash-1365x2048.jpg 1365w, https:\/\/petitsanglaisabeziers.fr\/wp-content\/uploads\/2025\/06\/ivan-shilov-ucUB9wxkPgY-unsplash-scaled.jpg 1707w\" sizes=\"(max-width: 640px) 100vw, 640px\" \/>\t\t\t\t\t\t\t\t\t\t\t\t\t\t\t<\/div>\n\t\t\t\t<\/div>\n\t\t\t\t<\/div>\n\t\t<div class=\"elementor-element elementor-element-2d69967 e-con-full e-flex e-con e-child\" data-id=\"2d69967\" data-element_type=\"container\" data-e-type=\"container\">\n\t\t<div class=\"elementor-element elementor-element-0efd52b e-con-full e-flex e-con e-child\" data-id=\"0efd52b\" data-element_type=\"container\" data-e-type=\"container\">\n\t\t\t\t<div class=\"elementor-element elementor-element-720efba elementor-widget elementor-widget-text-editor\" data-id=\"720efba\" data-element_type=\"widget\" data-e-type=\"widget\" data-widget_type=\"text-editor.default\">\n\t\t\t\t<div class=\"elementor-widget-container\">\n\t\t\t\t\t\t\t\t\t<ul><li>Premier cours gratuit &#8211;<\/li><li>Cours collectifs 10 euros de l&#8217;heure par enfant (voir les conditions ci-dessous) &#8211;\u00a0<\/li><li>Cours particuliers 25 euros de l&#8217;heure<\/li><\/ul>\t\t\t\t\t\t\t\t<\/div>\n\t\t\t\t<\/div>\n\t\t\t\t<\/div>\n\t\t<div class=\"elementor-element elementor-element-ad8ce9d e-con-full e-flex e-con e-child\" data-id=\"ad8ce9d\" data-element_type=\"container\" data-e-type=\"container\">\n\t\t\t\t<div class=\"elementor-element elementor-element-942eb69 elementor-widget elementor-widget-text-editor\" data-id=\"942eb69\" data-element_type=\"widget\" data-e-type=\"widget\" data-widget_type=\"text-editor.default\">\n\t\t\t\t<div class=\"elementor-widget-container\">\n\t\t\t\t\t\t\t\t\t<p>Les cours collectifs ont lieu uniquement pendant les vacances scolaires et sont factur\u00e9s pour chaque p\u00e9riode entre les vacances scolaires. Apr\u00e8s le premier cours, le paiement doit \u00eatre effectu\u00e9 pour la p\u00e9riode restante, puis au d\u00e9but de chaque p\u00e9riode suivante. Vous payez pour la place dans le groupe, que l&#8217;enfant soit pr\u00e9sent ou non. Je ferai de mon mieux pour proposer un cours de rattrapage.<\/p>\t\t\t\t\t\t\t\t<\/div>\n\t\t\t\t<\/div>\n\t\t\t\t<\/div>\n\t\t\t\t<\/div>\n\t\t\t\t<\/div>\n\t\t\t\t\t<\/div>\n\t\t\t\t<\/div>\n\t\t\t\t<\/div>\n\t\t","protected":false},"excerpt":{"rendered":"<p>Une immersion compl\u00e8te dans la langue anglaise par des chansons, des jeux, des conversations et des lectures Groupes : des enfants aux coll\u00e9giens &#8211; Cours particuliers : enfants \u00e0 adultes &#8211; Le compte personnel de formation (CPF) via le centre HOBSON &#8211; Groupes Il y a la possibilit\u00e9 de cr\u00e9er de nouveaux groupes Tarifs Premier<\/p>\n","protected":false},"author":1,"featured_media":0,"parent":0,"menu_order":0,"comment_status":"closed","ping_status":"closed","template":"elementor_header_footer","meta":{"solace_meta_sidebar":"","solace_meta_container":"","solace_meta_enable_content_width":"","solace_meta_content_width":0,"solace_meta_title_alignment":"","solace_meta_author_avatar":"","solace_post_elements_order":"","solace_meta_disable_header":"","solace_meta_disable_footer":"","solace_meta_disable_title":"","footnotes":""},"class_list":["post-101","page","type-page","status-publish","hentry"],"_links":{"self":[{"href":"https:\/\/petitsanglaisabeziers.fr\/index.php?rest_route=\/wp\/v2\/pages\/101","targetHints":{"allow":["GET"]}}],"collection":[{"href":"https:\/\/petitsanglaisabeziers.fr\/index.php?rest_route=\/wp\/v2\/pages"}],"about":[{"href":"https:\/\/petitsanglaisabeziers.fr\/index.php?rest_route=\/wp\/v2\/types\/page"}],"author":[{"embeddable":true,"href":"https:\/\/petitsanglaisabeziers.fr\/index.php?rest_route=\/wp\/v2\/users\/1"}],"replies":[{"embeddable":true,"href":"https:\/\/petitsanglaisabeziers.fr\/index.php?rest_route=%2Fwp%2Fv2%2Fcomments&post=101"}],"version-history":[{"count":49,"href":"https:\/\/petitsanglaisabeziers.fr\/index.php?rest_route=\/wp\/v2\/pages\/101\/revisions"}],"predecessor-version":[{"id":212,"href":"https:\/\/petitsanglaisabeziers.fr\/index.php?rest_route=\/wp\/v2\/pages\/101\/revisions\/212"}],"wp:attachment":[{"href":"https:\/\/petitsanglaisabeziers.fr\/index.php?rest_route=%2Fwp%2Fv2%2Fmedia&parent=101"}],"curies":[{"name":"wp","href":"https:\/\/api.w.org\/{rel}","templated":true}]}}